{"id":2048,"date":"2024-06-05T12:33:02","date_gmt":"2024-06-05T17:33:02","guid":{"rendered":"https:\/\/www.dupagelegalaid.org\/como-puedes-ayudar\/"},"modified":"2025-03-26T21:36:00","modified_gmt":"2025-03-27T02:36:00","slug":"como-puedes-ayudar","status":"publish","type":"page","link":"https:\/\/www.dupagelegalaid.org\/es\/como-puedes-ayudar\/","title":{"rendered":"C\u00f3mo puedes ayudar"},"content":{"rendered":"<p>[et_pb_section fb_built=\u00bb1&#8243; admin_label=\u00bbHeader Space\u00bb _builder_version=\u00bb4.25.1&#8243; _module_preset=\u00bbdefault\u00bb background_color=\u00bb#51527b\u00bb min_height=\u00bb120px\u00bb custom_margin=\u00bb0px|0px|0px|0px|false|false\u00bb custom_padding=\u00bb0px|0px|0px|0px|false|false\u00bb collapsed=\u00bbon\u00bb global_colors_info=\u00bb{}\u00bb][\/et_pb_section][et_pb_section fb_built=\u00bb1&#8243; custom_padding_last_edited=\u00bbon|phone\u00bb admin_label=\u00bbWays You Can Help\u00bb _builder_version=\u00bb4.25.1&#8243; _module_preset=\u00bbdefault\u00bb custom_margin=\u00bb0px|0px|0px|0px|false|false\u00bb custom_padding=\u00bb0px|3%|0px|3%|false|false\u00bb custom_padding_tablet=\u00bb|20px||20px|false|false\u00bb custom_padding_phone=\u00bb|10px||10px|false|false\u00bb collapsed=\u00bbon\u00bb global_colors_info=\u00bb{}\u00bb][et_pb_row column_structure=\u00bb1_2,1_2&#8243; make_equal=\u00bbon\u00bb custom_padding_last_edited=\u00bbon|tablet\u00bb _builder_version=\u00bb4.25.1&#8243; _module_preset=\u00bbdefault\u00bb width=\u00bb100%\u00bb max_width=\u00bb1670px\u00bb module_alignment=\u00bbcenter\u00bb custom_margin=\u00bb0px|0px|0px|0px|false|false\u00bb custom_padding=\u00bb0px|15px|0px|15px|false|false\u00bb custom_padding_tablet=\u00bb|25px||25px|false|false\u00bb custom_padding_phone=\u00bb|25px||25px|false|false\u00bb global_colors_info=\u00bb{}\u00bb][et_pb_column type=\u00bb1_2&#8243; _builder_version=\u00bb4.25.1&#8243; _module_preset=\u00bbdefault\u00bb custom_padding=\u00bb115px||180px||false|false\u00bb custom_padding_tablet=\u00bb50px||20px||false|false\u00bb custom_padding_phone=\u00bb||20px||false|false\u00bb custom_padding_last_edited=\u00bbon|tablet\u00bb global_colors_info=\u00bb{}\u00bb][et_pb_heading title=\u00bbC\u00f3mo puedes ayudar\u00bb _builder_version=\u00bb4.25.1&#8243; _module_preset=\u00bbdefault\u00bb title_font=\u00bb|700|||||||\u00bb title_font_size=\u00bb50px\u00bb title_line_height=\u00bb60px\u00bb global_colors_info=\u00bb{}\u00bb][\/et_pb_heading][et_pb_text _builder_version=\u00bb4.25.1&#8243; _module_preset=\u00bbdefault\u00bb text_line_height=\u00bb30px\u00bb header_3_font=\u00bb|700|||||||\u00bb header_3_text_color=\u00bb#51527c\u00bb header_3_font_size=\u00bb30px\u00bb header_3_line_height=\u00bb40px\u00bb custom_css_free_form=\u00bb@media (max-width: 980px) {||  selector br {||    display: none;||  }||}\u00bb global_colors_info=\u00bb{}\u00bb]<\/p>\n<h3>Confiamos en tu apoyo para capacitar<br \/>\na nuestros vecinos menos afortunados del condado de DuPage<\/h3>\n<p>Sus donationes con tiempo y dinero su apoyar de los residentes del condado de dupage para esos de casos de familia que se adjudicaran dentro de el. Contamos con usted para ayudar a los demas contribuyendo a Dupage Legal Aid para el bien com\u00fan. Y el apoyo y empoderamiento de nuestra comunidad.[\/et_pb_text][\/et_pb_column][et_pb_column type=\u00bb1_2&#8243; disabled_on=\u00bbon|on|off\u00bb _builder_version=\u00bb4.25.1&#8243; _module_preset=\u00bbdefault\u00bb background_image=\u00bbhttps:\/\/dupagelegalaid.org\/wp-content\/uploads\/2024\/06\/Ways-to-help.png\u00bb custom_css_free_form=\u00bbselector {||  background-position: center 0 !important;||}\u00bb global_colors_info=\u00bb{}\u00bb][\/et_pb_column][\/et_pb_row][\/et_pb_section][et_pb_section fb_built=\u00bb1&#8243; custom_padding_last_edited=\u00bbon|tablet\u00bb disabled_on=\u00bboff|off|off\u00bb admin_label=\u00bbSTEPS TO GETTING\u00bb _builder_version=\u00bb4.25.1&#8243; _module_preset=\u00bbdefault\u00bb background_color=\u00bbrgba(81,82,124,0.1)\u00bb custom_margin=\u00bb0px|0px|0px|0px|false|false\u00bb custom_padding=\u00bb120px||120px||false|false\u00bb custom_padding_tablet=\u00bb50px||50px||false|false\u00bb custom_padding_phone=\u00bb50px||50px||false|false\u00bb collapsed=\u00bboff\u00bb global_colors_info=\u00bb{}\u00bb][et_pb_row column_structure=\u00bb1_3,1_3,1_3&#8243; use_custom_gutter=\u00bbon\u00bb gutter_width=\u00bb1&#8243; make_equal=\u00bbon\u00bb _builder_version=\u00bb4.25.1&#8243; _module_preset=\u00bbdefault\u00bb width=\u00bb100%\u00bb max_width=\u00bb1670px\u00bb module_alignment=\u00bbcenter\u00bb custom_margin=\u00bb0px|0px|0px|0px|false|false\u00bb custom_padding=\u00bb0px|15px|0px|15px|false|false\u00bb collapsed=\u00bboff\u00bb global_colors_info=\u00bb{}\u00bb][et_pb_column type=\u00bb1_3&#8243; _builder_version=\u00bb4.25.1&#8243; _module_preset=\u00bbdefault\u00bb custom_padding=\u00bb50px|50px|50px|50px|false|false\u00bb custom_css_free_form=\u00bbselector {||  background: #fff;||  border-radius: 10px;||  margin: 8px !important;||}||@media (max-width: 980px) {||  selector {||  \tmargin: 0 0 25px 0 !important;||  }||}\u00bb global_colors_info=\u00bb{}\u00bb][et_pb_image src=\u00bbhttps:\/\/dupagelegalaid.org\/wp-content\/uploads\/2024\/06\/icon_case_volunteer.svg\u00bb title_text=\u00bbicon_case_voluntario\u00bb align=\u00bbcenter\u00bb _builder_version=\u00bb4.25.1&#8243; _module_preset=\u00bbdefault\u00bb global_colors_info=\u00bb{}\u00bb][\/et_pb_image][et_pb_heading title=\u00bbOfr\u00e9cete voluntario para un caso&lt;br&gt;  \u00bb _builder_version=\u00bb4.25.1&#8243; _module_preset=\u00bbdefault\u00bb title_level=\u00bbh2&#8243; title_font=\u00bb|700|||||||\u00bb title_text_align=\u00bbcenter\u00bb title_text_color=\u00bb#51527c\u00bb title_line_height=\u00bb40px\u00bb custom_margin=\u00bb30px|0px|0px|0px|false|false\u00bb custom_padding=\u00bb0px|0px|0px|0px|false|false\u00bb custom_css_free_form=\u00bbselector h2 {||  font-size: 30px !important;||  font-weight: 700 !important;||  line-height: 40px !important;||}||@media (max-width: 980px) {||  selector br {||    display: none;||  }||}\u00bb global_colors_info=\u00bb{}\u00bb][\/et_pb_heading][et_pb_text _builder_version=\u00bb4.25.1&#8243; _module_preset=\u00bbdefault\u00bb text_text_color=\u00bb#3d3d3d\u00bb text_font_size=\u00bb16px\u00bb text_line_height=\u00bb24px\u00bb text_orientation=\u00bbcenter\u00bb global_colors_info=\u00bb{}\u00bb]<\/p>\n<p>Si eres abogado y est\u00e1s interesado en ofrecerte voluntario para la asignaci\u00f3n de un caso, <a href=\"#\">haz CLIC AQU\u00cd<\/a> para obtener m\u00e1s informaci\u00f3n. Tambi\u00e9n puedes llamarnos al (630) 653-6212. O ponerte en contacto con nosotros por correo electr\u00f3nico en nuestra p\u00e1gina de contacto.  <\/p>\n<p>[\/et_pb_text][et_pb_button button_url=\u00bb@ET-DC@eyJkeW5hbWljIjp0cnVlLCJjb250ZW50IjoicG9zdF9saW5rX3VybF9wYWdlIiwic2V0dGluZ3MiOnsicG9zdF9pZCI6IjgyOCIsImVuYWJsZV9odG1sIjoib2ZmIn19@\u00bb button_text=\u00bbVoluntario para la asignaci\u00f3n de un caso\u00bb button_alignment=\u00bbcenter\u00bb _builder_version=\u00bb4.25.1&#8243; _dynamic_attributes=\u00bbbutton_url\u00bb _module_preset=\u00bbdefault\u00bb custom_button=\u00bbon\u00bb button_text_color=\u00bb#FFFFFF\u00bb button_bg_color=\u00bb#51527B\u00bb button_border_width=\u00bb0px\u00bb button_border_radius=\u00bb10px\u00bb button_use_icon=\u00bboff\u00bb background_layout=\u00bbdark\u00bb custom_margin=\u00bb30px||||false|false\u00bb custom_padding=\u00bb|30px||30px|false|false\u00bb global_colors_info=\u00bb{}\u00bb button_bg_color__hover_enabled=\u00bbon|hover\u00bb button_bg_color__hover=\u00bb#59BEC9&#8243; button_bg_enable_color__hover=\u00bbon\u00bb][\/et_pb_button][\/et_pb_column][et_pb_column type=\u00bb1_3&#8243; _builder_version=\u00bb4.25.1&#8243; _module_preset=\u00bbdefault\u00bb custom_padding=\u00bb50px|50px|50px|50px|false|false\u00bb custom_css_free_form=\u00bbselector {||  background: #fff;||  border-radius: 10px;||  margin: 8px !important;||}||@media (max-width: 980px) {||  selector {||  \tmargin: 0 0 25px 0 !important;||  }||}\u00bb global_colors_info=\u00bb{}\u00bb][et_pb_image src=\u00bbhttps:\/\/dupagelegalaid.org\/wp-content\/uploads\/2024\/06\/icon_office_volunteer.svg\u00bb title_text=\u00bbicono_oficial_voluntario\u00bb align=\u00bbcenter\u00bb _builder_version=\u00bb4.25.1&#8243; _module_preset=\u00bbdefault\u00bb global_colors_info=\u00bb{}\u00bb][\/et_pb_image][et_pb_heading title=\u00bbHazte Becario o Voluntario de la Oficina&lt;br&gt;  \u00bb _builder_version=\u00bb4.25.1&#8243; _module_preset=\u00bbdefault\u00bb title_level=\u00bbh2&#8243; title_font=\u00bb|800|||||||\u00bb title_text_align=\u00bbcenter\u00bb title_text_color=\u00bb#51527c\u00bb title_line_height=\u00bb40px\u00bb custom_margin=\u00bb30px|0px|0px|0px|false|false\u00bb custom_padding=\u00bb0px|0px|0px|0px|false|false\u00bb custom_css_free_form=\u00bbselector h2 {||  font-size: 30px !important;||  font-weight: 700 !important;||  line-height: 40px !important;||}||@media (max-width: 980px) {||  selector br {||    display: none;||  }||}\u00bb global_colors_info=\u00bb{}\u00bb][\/et_pb_heading][et_pb_text _builder_version=\u00bb4.25.1&#8243; _module_preset=\u00bbdefault\u00bb text_text_color=\u00bb#3d3d3d\u00bb text_font_size=\u00bb16px\u00bb text_line_height=\u00bb24px\u00bb text_orientation=\u00bbcenter\u00bb global_colors_info=\u00bb{}\u00bb]Tambi\u00e9n puedes ayudar enormemente a los dem\u00e1s aportando tu tiempo. Considera la posibilidad de hacerte pasante o voluntario de oficina en DuPage Legal Aid en Wheaton, IL. [\/et_pb_text][et_pb_button button_url=\u00bb@ET-DC@eyJkeW5hbWljIjp0cnVlLCJjb250ZW50IjoicG9zdF9saW5rX3VybF9wYWdlIiwic2V0dGluZ3MiOnsicG9zdF9pZCI6IjgyOCIsImVuYWJsZV9odG1sIjoib2ZmIn19@\u00bb button_text=\u00bbHazte voluntario en pr\u00e1cticas o en la oficina  \u00bb button_alignment=\u00bbcenter\u00bb _builder_version=\u00bb4.25.1&#8243; _dynamic_attributes=\u00bbbutton_url\u00bb _module_preset=\u00bbdefault\u00bb custom_button=\u00bbon\u00bb button_text_color=\u00bb#FFFFFF\u00bb button_bg_color=\u00bb#51527c\u00bb button_border_width=\u00bb0px\u00bb button_border_radius=\u00bb10px\u00bb button_use_icon=\u00bboff\u00bb background_layout=\u00bbdark\u00bb custom_margin=\u00bb30px||||false|false\u00bb custom_padding=\u00bb|30px||30px|false|false\u00bb global_colors_info=\u00bb{}\u00bb button_bg_color__hover_enabled=\u00bbon|hover\u00bb button_bg_color__hover=\u00bb#59BEC9&#8243; button_bg_enable_color__hover=\u00bbon\u00bb][\/et_pb_button][\/et_pb_column][et_pb_column type=\u00bb1_3&#8243; _builder_version=\u00bb4.25.1&#8243; _module_preset=\u00bbdefault\u00bb custom_padding=\u00bb50px|50px|50px|50px|false|false\u00bb custom_css_free_form=\u00bbselector {||  background: #fff;||  border-radius: 10px;||  margin: 8px !important;||}||@media (max-width: 980px) {||  selector {||  \tmargin: 0 !important;||  }||}\u00bb global_colors_info=\u00bb{}\u00bb][et_pb_image src=\u00bbhttps:\/\/dupagelegalaid.org\/wp-content\/uploads\/2024\/06\/icon_donation.svg\u00bb title_text=\u00bbicono_donaci\u00f3n\u00bb align=\u00bbcenter\u00bb _builder_version=\u00bb4.25.1&#8243; _module_preset=\u00bbdefault\u00bb global_colors_info=\u00bb{}\u00bb][\/et_pb_image][et_pb_heading title=\u00bbHaz una donaci\u00f3n monetaria&lt;br&gt; \u00bb _builder_version=\u00bb4.25.1&#8243; _module_preset=\u00bbdefault\u00bb title_level=\u00bbh2&#8243; title_font=\u00bb|800|||||||\u00bb title_text_align=\u00bbcenter\u00bb title_text_color=\u00bb#51527c\u00bb title_line_height=\u00bb40px\u00bb custom_margin=\u00bb30px|0px|0px|0px|false|false\u00bb custom_padding=\u00bb0px|0px|0px|0px|false|false\u00bb custom_css_free_form=\u00bbselector h2 {||  font-size: 30px !important;||  font-weight: 700 !important;||  line-height: 40px !important;||}||@media (max-width: 980px) {||  selector br {||    display: none;||  }||}\u00bb global_colors_info=\u00bb{}\u00bb][\/et_pb_heading][et_pb_text _builder_version=\u00bb4.25.1&#8243; _module_preset=\u00bbdefault\u00bb text_text_color=\u00bb#3d3d3d\u00bb text_font_size=\u00bb16px\u00bb text_line_height=\u00bb24px\u00bb text_orientation=\u00bbcenter\u00bb global_colors_info=\u00bb{}\u00bb]Tu donaci\u00f3n ben\u00e9fica de cualquier cantidad -grande o peque\u00f1a- nos ayudar\u00e1 a cubrir los gastos administrativos asociados a la prestaci\u00f3n de este servicio a los residentes marginados del condado de DuPage.  [\/et_pb_text][et_pb_divider color=\u00bb#8b8b8b\u00bb _builder_version=\u00bb4.25.1&#8243; _module_preset=\u00bbdefault\u00bb custom_margin=\u00bb20px||||false|false\u00bb global_colors_info=\u00bb{}\u00bb][\/et_pb_divider][et_pb_text _builder_version=\u00bb4.25.1&#8243; _module_preset=\u00bbdefault\u00bb text_text_color=\u00bb#3d3d3d\u00bb text_font_size=\u00bb16px\u00bb text_line_height=\u00bb24px\u00bb text_orientation=\u00bbcenter\u00bb hover_enabled=\u00bb0&#8243; global_colors_info=\u00bb{}\u00bb disabled_on=\u00bbon|on|on\u00bb disabled=\u00bbon\u00bb sticky_enabled=\u00bb0&#8243;]<\/p>\n<h3 style=\"text-align: center; margin-bottom: 0; padding-top: 0; color: #51527b; font-weight: 600;\">Env\u00edalo por correo o p\u00e1sate por la oficina:<\/h3>\n<p style=\"text-align: center;\">Pagadero a DuPage Legal Assistance Foundation<br \/>126 S. County Farm Road<br \/>Wheaton, IL 60187<\/p>\n<p>[\/et_pb_text][et_pb_button button_url=\u00bbhttps:\/\/www.paypal.com\/donate\/?hosted_button_id=B6ZUMPFWMM4XJ\u00bb button_text=\u00bbHaz una donaci\u00f3n monetaria\u00bb button_alignment=\u00bbcenter\u00bb disabled_on=\u00bboff|off|off\u00bb _builder_version=\u00bb4.25.1&#8243; _module_preset=\u00bbdefault\u00bb custom_button=\u00bbon\u00bb button_text_color=\u00bb#FFFFFF\u00bb button_bg_color=\u00bb#51527c\u00bb button_border_width=\u00bb0px\u00bb button_border_radius=\u00bb10px\u00bb button_use_icon=\u00bboff\u00bb background_layout=\u00bbdark\u00bb custom_margin=\u00bb30px||||false|false\u00bb custom_padding=\u00bb|30px||30px|false|false\u00bb hover_enabled=\u00bb0&#8243; global_colors_info=\u00bb{}\u00bb button_bg_color__hover_enabled=\u00bbon|hover\u00bb button_bg_color__hover=\u00bb#59BEC9&#8243; button_bg_enable_color__hover=\u00bbon\u00bb url_new_window=\u00bbon\u00bb sticky_enabled=\u00bb0&#8243;][\/et_pb_button][\/et_pb_column][\/et_pb_row][\/et_pb_section][et_pb_section fb_built=\u00bb1&#8243; disabled_on=\u00bboff|off|off\u00bb admin_label=\u00bbTo Our Donors\u00bb _builder_version=\u00bb4.25.1&#8243; _module_preset=\u00bbdefault\u00bb custom_margin=\u00bb0px|0px|0px|0px|false|false\u00bb custom_padding=\u00bb0px|0px|0px|0px|false|false\u00bb collapsed=\u00bbon\u00bb global_colors_info=\u00bb{}\u00bb][et_pb_row column_structure=\u00bb1_2,1_2&#8243; use_custom_gutter=\u00bbon\u00bb gutter_width=\u00bb1&#8243; make_equal=\u00bbon\u00bb _builder_version=\u00bb4.25.1&#8243; _module_preset=\u00bbdefault\u00bb width=\u00bb100%\u00bb max_width=\u00bb1920px\u00bb module_alignment=\u00bbcenter\u00bb custom_margin=\u00bb0px|0px|0px|0px|false|false\u00bb custom_padding=\u00bb0px|0px|0px|0px|false|false\u00bb global_colors_info=\u00bb{}\u00bb][et_pb_column type=\u00bb1_2&#8243; _builder_version=\u00bb4.25.1&#8243; _module_preset=\u00bbdefault\u00bb background_image=\u00bbhttps:\/\/dupagelegalaid.org\/wp-content\/uploads\/2024\/06\/Mask-Group-4.png\u00bb global_colors_info=\u00bb{}\u00bb][\/et_pb_column][et_pb_column type=\u00bb1_2&#8243; _builder_version=\u00bb4.25.1&#8243; _module_preset=\u00bbdefault\u00bb custom_padding=\u00bb110px|130px|110px|130px|false|false\u00bb custom_padding_tablet=\u00bb50px|25px|50px|25px|false|false\u00bb custom_padding_phone=\u00bb50px|25px|50px|25px|false|false\u00bb custom_padding_last_edited=\u00bbon|tablet\u00bb global_colors_info=\u00bb{}\u00bb][et_pb_heading title=\u00bbA nuestros donantes, voluntarios y colaboradores, estamos verdaderamente agradecidos  \u00bb _builder_version=\u00bb4.25.1&#8243; _module_preset=\u00bbdefault\u00bb title_level=\u00bbh2&#8243; custom_margin=\u00bb0px|0px|0px|0px|false|true\u00bb custom_padding=\u00bb0px|0px|0px|0px|false|false\u00bb title_font_size_last_edited=\u00bboff|desktop\u00bb custom_css_free_form=\u00bbselector h2 {||  font-size: 30px;||  line-height: 40px;||  color: #51527C;||  font-weight: 700;||}\u00bb global_colors_info=\u00bb{}\u00bb][\/et_pb_heading][et_pb_text _builder_version=\u00bb4.25.1&#8243; _module_preset=\u00bbdefault\u00bb text_font_size=\u00bb16px\u00bb text_line_height=\u00bb24px\u00bb custom_margin=\u00bb0px|0px|0px|0px|false|false\u00bb custom_padding=\u00bb0px|0px|0px|0px|false|false\u00bb global_colors_info=\u00bb{}\u00bb]Gracias a vuestras generosas aportaciones de tiempo y fondos, la Fundaci\u00f3n del Colegio de Abogados de DuPage y la Fundaci\u00f3n de Asistencia Jur\u00eddica de DuPage han ayudado a miles de clientes necesitados. Agradecemos sinceramente la generosa ayuda y asistencia que hemos recibido del Condado de DuPage, del Fondo Fiduciario de Abogados del Estado de Illinois, del Decimoctavo Circuito Judicial, del Colegio de Abogados del Condado de DuPage y de los muchos otros donantes y patrocinadores caritativos que han contribuido a esta meritoria causa. Estamos agradecidos a todos los que nos han ayudado en el camino, y esperamos que invites a otros a unirse a nosotros y a descubrir lo importante y gratificante que puede ser este trabajo.  <\/p>\n<p>\u00a1Muchas gracias a todos por vuestro apoyo![\/et_pb_text][\/et_pb_column][\/et_pb_row][et_pb_row disabled_on=\u00bboff|off|on\u00bb _builder_version=\u00bb4.25.1&#8243; _module_preset=\u00bbdefault\u00bb width=\u00bb100%\u00bb max_width=\u00bb100%\u00bb custom_margin=\u00bb0px|0px|0px|0px|false|false\u00bb custom_margin_tablet=\u00bb0px|0px|0px|0px|false|false\u00bb custom_margin_phone=\u00bb0px|0px|0px|0px|false|false\u00bb custom_margin_last_edited=\u00bbon|desktop\u00bb custom_padding=\u00bb0px|0px|0px|0px|false|false\u00bb global_colors_info=\u00bb{}\u00bb][et_pb_column type=\u00bb4_4&#8243; _builder_version=\u00bb4.25.1&#8243; _module_preset=\u00bbdefault\u00bb global_colors_info=\u00bb{}\u00bb][et_pb_image src=\u00bbhttps:\/\/dupagelegalaid.org\/wp-content\/uploads\/2024\/06\/Mask-Group-4.png\u00bb title_text=\u00bbM\u00e1scara Grupo 4&#8243; align=\u00bbcenter\u00bb _builder_version=\u00bb4.25.1&#8243; _module_preset=\u00bbdefault\u00bb width=\u00bb100%\u00bb max_width=\u00bb100%\u00bb custom_margin=\u00bb0px|0px|0px|0px|false|false\u00bb custom_margin_tablet=\u00bb0px|0px|0px|0px|false|false\u00bb custom_margin_phone=\u00bb0px|0px|0px|0px|false|false\u00bb custom_margin_last_edited=\u00bbon|desktop\u00bb custom_padding=\u00bb0px|0px|0px|0px|false|false\u00bb custom_padding_last_edited=\u00bboff|desktop\u00bb global_colors_info=\u00bb{}\u00bb][\/et_pb_image][\/et_pb_column][\/et_pb_row][\/et_pb_section]<\/p>\n","protected":false},"excerpt":{"rendered":"<p>Confiamos en tu apoyo para capacitar a nuestros vecinos menos afortunados del condado de DuPage Sus donationes con tiempo y dinero su apoyar de los residentes del condado de dupage para esos de casos de familia que se adjudicaran dentro de el. Contamos con usted para ayudar a los demas contribuyendo a Dupage Legal Aid [&hellip;]<\/p>\n","protected":false},"author":1,"featured_media":0,"parent":0,"menu_order":0,"comment_status":"closed","ping_status":"closed","template":"","meta":{"_et_pb_use_builder":"on","_et_pb_old_content":"","_et_gb_content_width":"","inline_featured_image":false,"footnotes":""},"class_list":["post-2048","page","type-page","status-publish","hentry"],"aioseo_notices":[],"_links":{"self":[{"href":"https:\/\/www.dupagelegalaid.org\/es\/wp-json\/wp\/v2\/pages\/2048","targetHints":{"allow":["GET"]}}],"collection":[{"href":"https:\/\/www.dupagelegalaid.org\/es\/wp-json\/wp\/v2\/pages"}],"about":[{"href":"https:\/\/www.dupagelegalaid.org\/es\/wp-json\/wp\/v2\/types\/page"}],"author":[{"embeddable":true,"href":"https:\/\/www.dupagelegalaid.org\/es\/wp-json\/wp\/v2\/users\/1"}],"replies":[{"embeddable":true,"href":"https:\/\/www.dupagelegalaid.org\/es\/wp-json\/wp\/v2\/comments?post=2048"}],"version-history":[{"count":2,"href":"https:\/\/www.dupagelegalaid.org\/es\/wp-json\/wp\/v2\/pages\/2048\/revisions"}],"predecessor-version":[{"id":2050,"href":"https:\/\/www.dupagelegalaid.org\/es\/wp-json\/wp\/v2\/pages\/2048\/revisions\/2050"}],"wp:attachment":[{"href":"https:\/\/www.dupagelegalaid.org\/es\/wp-json\/wp\/v2\/media?parent=2048"}],"curies":[{"name":"wp","href":"https:\/\/api.w.org\/{rel}","templated":true}]}}