{"id":2023,"date":"2024-06-03T11:05:39","date_gmt":"2024-06-03T16:05:39","guid":{"rendered":"https:\/\/www.dupagelegalaid.org\/casa\/"},"modified":"2026-05-14T12:24:01","modified_gmt":"2026-05-14T17:24:01","slug":"casa","status":"publish","type":"page","link":"https:\/\/www.dupagelegalaid.org\/es\/","title":{"rendered":"Casa"},"content":{"rendered":"<p>[et_pb_section fb_built=\u00bb1&#8243; custom_padding_last_edited=\u00bbon|phone\u00bb disabled_on=\u00bboff|off|off\u00bb admin_label=\u00bbHERO\u00bb _builder_version=\u00bb4.25.1&#8243; _module_preset=\u00bbdefault\u00bb background_image=\u00bbhttps:\/\/www.dupagelegalaid.org\/wp-content\/uploads\/2024\/06\/header_opt4_rev.jpg\u00bb min_height=\u00bb1000px\u00bb min_height_tablet=\u00bb800px\u00bb min_height_phone=\u00bb800px\u00bb min_height_last_edited=\u00bbon|tablet\u00bb custom_padding=\u00bb||||false|false\u00bb custom_padding_tablet=\u00bb||0px||false|false\u00bb custom_padding_phone=\u00bb||0px||false|false\u00bb background_color_tablet=\u00bb#51527b\u00bb background_last_edited=\u00bbon|phone\u00bb background_enable_color_tablet=\u00bbon\u00bb background_enable_image_tablet=\u00bboff\u00bb collapsed=\u00bbon\u00bb global_colors_info=\u00bb{}\u00bb][et_pb_row column_structure=\u00bb1_2,1_2&#8243; custom_padding_last_edited=\u00bbon|tablet\u00bb _builder_version=\u00bb4.25.1&#8243; _module_preset=\u00bbdefault\u00bb z_index=\u00bb10&#8243; width=\u00bb100%\u00bb max_width=\u00bb1920px\u00bb max_width_tablet=\u00bb\u00bb max_width_phone=\u00bb400px\u00bb max_width_last_edited=\u00bbon|desktop\u00bb module_alignment=\u00bbcenter\u00bb custom_margin=\u00bb0px||||false|false\u00bb custom_margin_tablet=\u00bb||||false|false\u00bb custom_margin_phone=\u00bb||||false|false\u00bb custom_margin_last_edited=\u00bbon|phone\u00bb custom_padding_tablet=\u00bb|20px||20px|false|false\u00bb custom_padding_phone=\u00bb|20px||20px|false|false\u00bb global_colors_info=\u00bb{}\u00bb][et_pb_column type=\u00bb1_2&#8243; admin_label=\u00bbColumna\u00bb disabled_on=\u00bbon|off|off\u00bb _builder_version=\u00bb4.25.1&#8243; _module_preset=\u00bbdefault\u00bb global_colors_info=\u00bb{}\u00bb][\/et_pb_column][et_pb_column type=\u00bb1_2&#8243; module_class=\u00bbhome-hero-txt\u00bb admin_label=\u00bbColumna\u00bb _builder_version=\u00bb4.25.1&#8243; _module_preset=\u00bbdefault\u00bb custom_padding=\u00bb|200px|||false|false\u00bb custom_padding_tablet=\u00bb|0px|||false|false\u00bb custom_padding_phone=\u00bb|15px||15px|false|false\u00bb custom_padding_last_edited=\u00bbon|tablet\u00bb custom_css_free_form=\u00bb@media (max-width: 1800px) {||  selector {||    padding-right: 15px !important;||  }||  selector br {||    display: none;||  }||}\u00bb global_colors_info=\u00bb{}\u00bb][et_pb_text _builder_version=\u00bb4.25.1&#8243; _module_preset=\u00bbdefault\u00bb text_font=\u00bbRoboto||||||||\u00bb text_text_color=\u00bb#FFFFFF\u00bb header_text_align=\u00bbcenter\u00bb header_2_font=\u00bbMerriweather|900|||||||\u00bb header_2_text_align=\u00bbcenter\u00bb header_2_text_color=\u00bb#59BEC9&#8243; header_2_font_size=\u00bb42px\u00bb header_2_line_height=\u00bb40px\u00bb header_3_font=\u00bbMerriweather|300|||||||\u00bb header_3_text_align=\u00bbcenter\u00bb header_3_text_color=\u00bb#FFFFFF\u00bb header_3_font_size=\u00bb35px\u00bb header_3_line_height=\u00bb30px\u00bb text_orientation=\u00bbcenter\u00bb custom_margin=\u00bb250px||||false|false\u00bb custom_margin_tablet=\u00bb60px||||false|false\u00bb custom_margin_phone=\u00bb60px||||false|false\u00bb custom_margin_last_edited=\u00bbon|tablet\u00bb text_font_size_tablet=\u00bb20px\u00bb text_font_size_phone=\u00bb18px\u00bb text_font_size_last_edited=\u00bbon|phone\u00bb header_2_font_size_tablet=\u00bb42px\u00bb header_2_font_size_phone=\u00bb30px\u00bb header_2_font_size_last_edited=\u00bbon|phone\u00bb header_3_font_size_tablet=\u00bb35px\u00bb header_3_font_size_phone=\u00bb24px\u00bb header_3_font_size_last_edited=\u00bbon|phone\u00bb global_colors_info=\u00bb{}\u00bb]<\/p>\n<h3 style=\"text-align: center; line-height: 1.3em; margin-bottom: 0;\">Dedicado a proporcionar a los residentes elegibles del condado de DuPage*<\/h3>\n<h2 style=\"text-align: center; line-height: 1.3em;\">Representaci\u00f3n legal pro bono competente y compasiva.<\/h2>\n<p style=\"text-align: center;\">(*y aquellos con casos de derecho de familia all\u00ed en)<\/p>\n<p>[\/et_pb_text][et_pb_button button_url=\u00bb@ET-DC@eyJkeW5hbWljIjp0cnVlLCJjb250ZW50IjoicG9zdF9saW5rX3VybF9wYWdlIiwic2V0dGluZ3MiOnsicG9zdF9pZCI6Ijk4MSIsImVuYWJsZV9odG1sIjoib2ZmIn19@\u00bb button_text=\u00bbDeterminar la elegibilidad\u00bb button_alignment=\u00bbcenter\u00bb _builder_version=\u00bb4.25.1&#8243; _dynamic_attributes=\u00bbbutton_url\u00bb _module_preset=\u00bbdefault\u00bb custom_button=\u00bbon\u00bb button_text_color=\u00bb#FFFFFF\u00bb button_bg_color=\u00bb#59bec9&#8243; button_border_width=\u00bb0px\u00bb button_border_color=\u00bbRGBA(255,255,255,0)\u00bb button_border_radius=\u00bb8px\u00bb button_font=\u00bb&#8211;et_global_heading_font|700|||||||\u00bb button_use_icon=\u00bboff\u00bb z_index=\u00bb0&#8243; background_layout=\u00bbdark\u00bb custom_margin=\u00bb40px||-35px||false|false\u00bb global_colors_info=\u00bb{}\u00bb button_bg_color__hover_enabled=\u00bbon|hover\u00bb button_bg_color__hover=\u00bb#FFFFFF\u00bb button_bg_enable_color__hover=\u00bbon\u00bb button_text_size__hover_enabled=\u00bbon|desktop\u00bb button_text_color__hover_enabled=\u00bbon|hover\u00bb button_text_color__hover=\u00bb#51527B\u00bb][\/et_pb_button][\/et_pb_column][\/et_pb_row][et_pb_row disabled_on=\u00bboff|off|on\u00bb _builder_version=\u00bb4.25.1&#8243; _module_preset=\u00bbdefault\u00bb width=\u00bb100%\u00bb module_alignment=\u00bbcenter\u00bb custom_margin=\u00bb-35px|0px|0px|0px|false|false\u00bb custom_padding=\u00bb0px|0px|0px|0px|false|false\u00bb global_colors_info=\u00bb{}\u00bb][et_pb_column type=\u00bb4_4&#8243; _builder_version=\u00bb4.25.1&#8243; _module_preset=\u00bbdefault\u00bb global_colors_info=\u00bb{}\u00bb][et_pb_image src=\u00bbhttps:\/\/www.dupagelegalaid.org\/wp-content\/uploads\/2024\/06\/header_opt4_rev_mobile.jpg\u00bb title_text=\u00bbheader_opt4_rev_mobile\u00bb align=\u00bbcenter\u00bb _builder_version=\u00bb4.25.1&#8243; _module_preset=\u00bbdefault\u00bb custom_margin=\u00bb-17px|0px|0px|0px|false|false\u00bb custom_padding=\u00bb0px|0px|0px|0px|false|false\u00bb global_colors_info=\u00bb{}\u00bb][\/et_pb_image][\/et_pb_column][\/et_pb_row][\/et_pb_section][et_pb_section fb_built=\u00bb1&#8243; disabled_on=\u00bboff|off|off\u00bb admin_label=\u00bbFAMILY LAW\u00bb _builder_version=\u00bb4.25.1&#8243; _module_preset=\u00bbdefault\u00bb custom_margin=\u00bb0px|0px|0px|0px|false|false\u00bb custom_padding=\u00bb0px|0px|0px|0px|false|false\u00bb collapsed=\u00bboff\u00bb global_colors_info=\u00bb{}\u00bb][et_pb_row column_structure=\u00bb1_2,1_2&#8243; use_custom_gutter=\u00bbon\u00bb gutter_width=\u00bb1&#8243; make_equal=\u00bbon\u00bb _builder_version=\u00bb4.25.1&#8243; _module_preset=\u00bbdefault\u00bb width=\u00bb100%\u00bb max_width=\u00bb1920px\u00bb module_alignment=\u00bbcenter\u00bb custom_margin=\u00bb0px|0px|0px|0px|false|false\u00bb custom_padding=\u00bb0px|0px|0px|0px|false|false\u00bb global_colors_info=\u00bb{}\u00bb][et_pb_column type=\u00bb1_2&#8243; _builder_version=\u00bb4.25.1&#8243; _module_preset=\u00bbdefault\u00bb custom_padding=\u00bb100px|100px|100px|150px|false|false\u00bb custom_padding_tablet=\u00bb50px|25px|50px|25px|false|false\u00bb custom_padding_phone=\u00bb50px|25px|50px|25px|false|false\u00bb custom_padding_last_edited=\u00bbon|phone\u00bb custom_css_free_form=\u00bb@media (max-width: 1640px) {||  selector {||    padding-left: 25px !important;||    padding-right: 25px !important;||  }||}\u00bb global_colors_info=\u00bb{}\u00bb][et_pb_text _builder_version=\u00bb4.27.5&#8243; _module_preset=\u00bbdefault\u00bb text_font_size=\u00bb18px\u00bb text_line_height=\u00bb28px\u00bb header_font=\u00bb|800|||||||\u00bb header_font_size=\u00bb50px\u00bb header_2_font=\u00bb|700|||||||\u00bb header_2_text_align=\u00bbcenter\u00bb header_2_font_size=\u00bb30px\u00bb header_2_line_height=\u00bb40px\u00bb hover_enabled=\u00bb0&#8243; custom_css_free_form=\u00bbselector ul {||  columns: 2;||  -webkit-columns: 2;||  -moz-columns: 2;  ||}||@media (max-width: 467px) {||  selector ul {||    columns: 1;||    -webkit-columns: 1;||    -moz-columns: 1;  ||  }  ||}\u00bb global_colors_info=\u00bb{}\u00bb sticky_enabled=\u00bb0&#8243;]<\/p>\n<h2>Asistencia legal de familia para aquellos que no pueden obtener un abogado.<\/h2>\n<p>Desde su fundaci\u00f3n, DuPage legal AID (DLA) ha ayudado a miles de miembros de la comunidad que necesitan ayuda legal. Los abogados que trabajan con nosotros son voluntarios que pueden brindarle asesoramiento legal gratuito y asesoramiento sobre temas espec\u00edficamente relacionados con el derecho de familia. Como defensores legales nos dedicamos a brindar el m\u00e1s alto nivel de representaci\u00f3n legal posible y a servidor a los necesitados con empat\u00eda, compresi\u00f3n y apoyo. Para obtener m\u00e1s informaci\u00f3n ll\u00e1menos al (630) 653-6212.   <\/p>\n<ul>\n<li>Adopciones<\/li>\n<li>Divorcio<\/li>\n<li>Manutencion de los hijos (defensa)<\/li>\n<li>Filiacion<\/li>\n<li>Ordenes de proteccion<\/li>\n<li>Acecho sin contacto<\/li>\n<li>Tutela<\/li>\n<\/ul>\n<p>[\/et_pb_text][\/et_pb_column][et_pb_column type=\u00bb1_2&#8243; _builder_version=\u00bb4.25.1&#8243; _module_preset=\u00bbdefault\u00bb background_image=\u00bbhttps:\/\/www.dupagelegalaid.org\/wp-content\/uploads\/2024\/06\/family-law.jpg\u00bb custom_padding=\u00bb125px||125px||false|false\u00bb background_last_edited=\u00bbon|tablet\u00bb custom_css_free_form=\u00bbselector {||  display: block !important;||}\u00bb global_colors_info=\u00bb{}\u00bb][\/et_pb_column][\/et_pb_row][\/et_pb_section][et_pb_section fb_built=\u00bb1&#8243; custom_padding_last_edited=\u00bbon|phone\u00bb disabled_on=\u00bboff|off|off\u00bb admin_label=\u00bbSTEPS TO GETTING\u00bb _builder_version=\u00bb4.25.1&#8243; _module_preset=\u00bbdefault\u00bb background_color=\u00bbrgba(81,82,124,0.1)\u00bb custom_margin=\u00bb0px|0px|0px|0px|false|false\u00bb custom_padding=\u00bb100px||100px||false|false\u00bb custom_padding_tablet=\u00bb50px||50px||false|false\u00bb custom_padding_phone=\u00bb40px||20px||false|false\u00bb collapsed=\u00bbon\u00bb global_colors_info=\u00bb{}\u00bb][et_pb_row _builder_version=\u00bb4.25.1&#8243; _module_preset=\u00bbdefault\u00bb width=\u00bb100%\u00bb max_width=\u00bb1670px\u00bb module_alignment=\u00bbcenter\u00bb custom_margin=\u00bb0px|0px|50px|0px|false|false\u00bb custom_padding=\u00bb0px|15px|0px|15px|false|false\u00bb collapsed=\u00bboff\u00bb global_colors_info=\u00bb{}\u00bb][et_pb_column type=\u00bb4_4&#8243; _builder_version=\u00bb4.25.1&#8243; _module_preset=\u00bbdefault\u00bb global_colors_info=\u00bb{}\u00bb][et_pb_text _builder_version=\u00bb4.25.1&#8243; _module_preset=\u00bbdefault\u00bb text_font_size=\u00bb16px\u00bb text_line_height=\u00bb24px\u00bb header_text_color=\u00bb#51527B\u00bb header_font_size=\u00bb44px\u00bb header_2_font=\u00bb|700|||||||\u00bb header_2_text_color=\u00bb#51527b\u00bb header_2_font_size=\u00bb30px\u00bb header_2_line_height=\u00bb40px\u00bb header_font_size_tablet=\u00bb44px\u00bb header_font_size_phone=\u00bb30px\u00bb header_font_size_last_edited=\u00bbon|phone\u00bb custom_css_free_form=\u00bb@media (max-width: 980px) {||  selector br {||    display: none;||  }||}\u00bb global_colors_info=\u00bb{}\u00bb]<\/p>\n<h2 style=\"text-align: center;\">Pasos para conseguir ayuda<\/h2>\n<p style=\"text-align: center;\">La informaci\u00f3n que solicitamos nos ayudara a determinar la mejor manera de servirle. Puede comenzar el proceso de elegibilidad a continuaci\u00f3n. Su seguridad y privacidad son de suma importancia para nosotros, por lo que si est\u00e1 en peligro inmediato, llame al 911. Alternativamente, puede ponerse en contacto con una de las siguientes organizaciones, a Lugar Seguro 1-800-600 A safe Place o a Wings a 847-221-5680. Est\u00e1n accesibles las 24 horas al d\u00eda.    <\/p>\n<p>[\/et_pb_text][\/et_pb_column][\/et_pb_row][et_pb_row column_structure=\u00bb1_3,1_3,1_3&#8243; use_custom_gutter=\u00bbon\u00bb gutter_width=\u00bb1&#8243; make_equal=\u00bbon\u00bb _builder_version=\u00bb4.25.1&#8243; _module_preset=\u00bbdefault\u00bb width=\u00bb100%\u00bb max_width=\u00bb1670px\u00bb module_alignment=\u00bbcenter\u00bb custom_margin=\u00bb0px|0px|0px|0px|false|false\u00bb custom_margin_tablet=\u00bb0px|0px|0px|0px|false|false\u00bb custom_margin_phone=\u00bb0px|0px|0px|0px|false|false\u00bb custom_margin_last_edited=\u00bbon|phone\u00bb custom_padding=\u00bb0px|15px|34px|15px|false|false\u00bb collapsed=\u00bboff\u00bb global_colors_info=\u00bb{}\u00bb][et_pb_column type=\u00bb1_3&#8243; module_class=\u00bbsteps-container\u00bb _builder_version=\u00bb4.25.1&#8243; _module_preset=\u00bbdefault\u00bb custom_padding=\u00bb50px|50px|50px|50px|false|false\u00bb custom_css_free_form=\u00bbselector {||  background: #fff;||  border-radius: 10px;||  margin: 8px !important;||}||@media (max-width: 980px) {||  selector {||    margin: 0 0 15px 0 !important;||  }||}\u00bb global_colors_info=\u00bb{}\u00bb][et_pb_image src=\u00bbhttps:\/\/www.dupagelegalaid.org\/wp-content\/uploads\/\/icon_start.svg\u00bb title_text=\u00bbicono_inicio\u00bb align=\u00bbcenter\u00bb _builder_version=\u00bb4.25.1&#8243; _module_preset=\u00bbdefault\u00bb global_colors_info=\u00bb{}\u00bb][\/et_pb_image][et_pb_heading title=\u00bbEmpieza aqu\u00ed\u00bb title_tablet=\u00bbStart Here\u00bb title_phone=\u00bbStart Here\u00bb title_last_edited=\u00bbon|desktop\u00bb _builder_version=\u00bb4.25.1&#8243; _module_preset=\u00bbdefault\u00bb title_level=\u00bbh2&#8243; title_font=\u00bb|800|||||||\u00bb title_text_align=\u00bbcenter\u00bb title_text_color=\u00bb#51527B\u00bb title_font_size=\u00bb29px\u00bb title_line_height=\u00bb40px\u00bb custom_margin=\u00bb30px|0px|0px|0px|false|false\u00bb custom_padding=\u00bb0px|0px|0px|0px|false|false\u00bb title_font_tablet=\u00bb|800|||||||\u00bb title_font_phone=\u00bb|800|||||||\u00bb title_font_last_edited=\u00bbon|phone\u00bb global_colors_info=\u00bb{}\u00bb][\/et_pb_heading][et_pb_text _builder_version=\u00bb4.25.1&#8243; _module_preset=\u00bbdefault\u00bb text_text_color=\u00bb#3d3d3d\u00bb text_font_size=\u00bb18px\u00bb text_line_height=\u00bb25px\u00bb text_orientation=\u00bbcenter\u00bb global_colors_info=\u00bb{}\u00bb]<\/p>\n<p>Primero asegur\u00e9monos de que la ayuda legal que necesita sea del tipo que ofrecemos.<\/p>\n<p>[\/et_pb_text][\/et_pb_column][et_pb_column type=\u00bb1_3&#8243; module_class=\u00bbsteps-container\u00bb _builder_version=\u00bb4.25.1&#8243; _module_preset=\u00bbdefault\u00bb custom_padding=\u00bb50px|50px|50px|50px|false|false\u00bb custom_css_free_form=\u00bbselector {||  background: #fff;||  border-radius: 10px;||  margin: 8px !important;||}||@media (max-width: 980px) {||  selector {||    margin: 0 0 15px 0 !important;||  }||}\u00bb global_colors_info=\u00bb{}\u00bb][et_pb_image src=\u00bbhttps:\/\/www.dupagelegalaid.org\/wp-content\/uploads\/\/icon_intake.svg\u00bb title_text=\u00bbicono_entrada\u00bb align=\u00bbcenter\u00bb _builder_version=\u00bb4.25.1&#8243; _module_preset=\u00bbdefault\u00bb global_colors_info=\u00bb{}\u00bb][\/et_pb_image][et_pb_heading title=\u00bbDocumento de admisi\u00f3n completo\u00bb _builder_version=\u00bb4.25.1&#8243; _module_preset=\u00bbdefault\u00bb title_level=\u00bbh2&#8243; title_font=\u00bb|800|||||||\u00bb title_text_align=\u00bbcenter\u00bb title_text_color=\u00bb#51527c\u00bb title_font_size=\u00bb29px\u00bb title_line_height=\u00bb40px\u00bb custom_margin=\u00bb30px|0px|0px|0px|false|false\u00bb custom_padding=\u00bb0px|0px|0px|0px|false|false\u00bb global_colors_info=\u00bb{}\u00bb][\/et_pb_heading][et_pb_text _builder_version=\u00bb4.25.1&#8243; _module_preset=\u00bbdefault\u00bb text_text_color=\u00bb#3d3d3d\u00bb text_font_size=\u00bb18px\u00bb text_line_height=\u00bb25px\u00bb text_orientation=\u00bbcenter\u00bb global_colors_info=\u00bb{}\u00bb]Documento de admisi\u00f3n completo- responder brevemente algunas preguntas sobre su problema legal nos permitir\u00e1 dirigirlo al tipo de asistencia que necesita. [\/et_pb_text][\/et_pb_column][et_pb_column type=\u00bb1_3&#8243; _builder_version=\u00bb4.25.1&#8243; _module_preset=\u00bbdefault\u00bb custom_padding=\u00bb50px|50px|50px|50px|false|false\u00bb custom_css_free_form=\u00bbselector {||  background: #fff;||  border-radius: 10px;||  margin: 8px !important;||}||@media (max-width: 980px) {||  selector {||    margin: 0 !important;||  }||}\u00bb global_colors_info=\u00bb{}\u00bb][et_pb_image src=\u00bbhttps:\/\/www.dupagelegalaid.org\/wp-content\/uploads\/\/icon_approval.svg\u00bb title_text=\u00bbicono_aprobaci\u00f3n\u00bb align=\u00bbcenter\u00bb _builder_version=\u00bb4.25.1&#8243; _module_preset=\u00bbdefault\u00bb global_colors_info=\u00bb{}\u00bb][\/et_pb_image][et_pb_heading title=\u00bbEsperar la aprobaci\u00f3n de elegibilidad\u00bb _builder_version=\u00bb4.25.1&#8243; _module_preset=\u00bbdefault\u00bb title_level=\u00bbh2&#8243; title_font=\u00bb|800|||||||\u00bb title_text_align=\u00bbcenter\u00bb title_text_color=\u00bb#51527c\u00bb title_font_size=\u00bb29px\u00bb title_line_height=\u00bb40px\u00bb custom_margin=\u00bb30px|0px|0px|0px|false|false\u00bb custom_padding=\u00bb0px|0px|0px|0px|false|false\u00bb global_colors_info=\u00bb{}\u00bb][\/et_pb_heading][et_pb_text _builder_version=\u00bb4.25.1&#8243; _module_preset=\u00bbdefault\u00bb text_text_color=\u00bb#3d3d3d\u00bb text_font_size=\u00bb18px\u00bb text_line_height=\u00bb25px\u00bb text_orientation=\u00bbcenter\u00bb global_colors_info=\u00bb{}\u00bb]<\/p>\n<p>Esperar la aprobaci\u00f3n de la elegibilidad- Una vez que hayamos confirmado que podemos ayudarle, se lo notificaremos. En caso de que descubramos que no podemos ayudarlo con su problema legal, lo derivaremos a una organizaci\u00f3n que pueda hacerlo. <\/p>\n<p>[\/et_pb_text][\/et_pb_column][\/et_pb_row][et_pb_row _builder_version=\u00bb4.25.1&#8243; _module_preset=\u00bbdefault\u00bb width=\u00bb100%\u00bb max_width=\u00bb1670px\u00bb module_alignment=\u00bbcenter\u00bb custom_margin=\u00bb-40px||||false|false\u00bb custom_padding=\u00bb|15px||15px|false|false\u00bb collapsed=\u00bboff\u00bb global_colors_info=\u00bb{}\u00bb][et_pb_column type=\u00bb4_4&#8243; _builder_version=\u00bb4.25.1&#8243; _module_preset=\u00bbdefault\u00bb global_colors_info=\u00bb{}\u00bb][et_pb_text _builder_version=\u00bb4.25.1&#8243; _module_preset=\u00bbdefault\u00bb text_line_height=\u00bb18px\u00bb custom_css_free_form=\u00bbselector * {||  font-size: 14px !important;||}\u00bb global_colors_info=\u00bb{}\u00bb]<\/p>\n<p style=\"text-align: center;\"><em>Nota: Durante esta evaluaci\u00f3n confidencial se le har\u00e1 una serie de preguntas y es posible que se le pida que proporcione algunos documentos para verificar sus respuestas. Si es elegible para recibir asistencia, se le asignara un abogado del personal o un abogado voluntario del colegio de abogados del condado de DuPage que lo ayudara en el futuro. Si usted no califica, el miembro del personal con el que se hace su evaluaci\u00f3n inicial le ayudara a orientarse en la direcci\u00f3n correcta para otros recursos.  <\/em><\/p>\n<p>[\/et_pb_text][et_pb_button button_url=\u00bb@ET-DC@eyJkeW5hbWljIjp0cnVlLCJjb250ZW50IjoicG9zdF9saW5rX3VybF9wYWdlIiwic2V0dGluZ3MiOnsicG9zdF9pZCI6Ijk4MSIsImVuYWJsZV9odG1sIjoib2ZmIn19@\u00bb button_text=\u00bbIniciar el proceso\u00bb button_alignment=\u00bbcenter\u00bb _builder_version=\u00bb4.25.1&#8243; _dynamic_attributes=\u00bbbutton_url\u00bb _module_preset=\u00bbdefault\u00bb custom_button=\u00bbon\u00bb button_text_color=\u00bb#FFFFFF\u00bb button_bg_color=\u00bb#51527c\u00bb button_border_width=\u00bb0px\u00bb button_border_color=\u00bbRGBA(255,255,255,0)\u00bb button_border_radius=\u00bb8px\u00bb button_font=\u00bb&#8211;et_global_heading_font|700|||||||\u00bb button_use_icon=\u00bboff\u00bb background_layout=\u00bbdark\u00bb global_colors_info=\u00bb{}\u00bb button_bg_color__hover_enabled=\u00bbon|hover\u00bb button_bg_color__hover=\u00bb#59BEC9&#8243; button_bg_enable_color__hover=\u00bbon\u00bb][\/et_pb_button][\/et_pb_column][\/et_pb_row][\/et_pb_section][et_pb_section fb_built=\u00bb1&#8243; custom_padding_last_edited=\u00bbon|phone\u00bb disabled_on=\u00bboff|off|off\u00bb admin_label=\u00bbCTA\u00bb _builder_version=\u00bb4.25.1&#8243; _module_preset=\u00bbdefault\u00bb background_color=\u00bb#59bec9&#8243; custom_margin=\u00bb0px|0px|0px|0px|false|false\u00bb custom_padding=\u00bb50px|3%|50px|3%|false|false\u00bb custom_padding_tablet=\u00bb|20px||20px|false|false\u00bb custom_padding_phone=\u00bb|10px||10px|false|false\u00bb global_module=\u00bb1885&#8243; saved_tabs=\u00bball\u00bb collapsed=\u00bboff\u00bb global_colors_info=\u00bb{}\u00bb][et_pb_row column_structure=\u00bb3_4,1_4&#8243; _builder_version=\u00bb4.25.1&#8243; _module_preset=\u00bbdefault\u00bb width=\u00bb100%\u00bb max_width=\u00bb1670px\u00bb module_alignment=\u00bbcenter\u00bb custom_margin=\u00bb0px|0px|0px|0px|false|false\u00bb custom_padding=\u00bb0px|15px|0px|15px|false|false\u00bb global_colors_info=\u00bb{}\u00bb][et_pb_column type=\u00bb3_4&#8243; _builder_version=\u00bb4.25.1&#8243; _module_preset=\u00bbdefault\u00bb global_colors_info=\u00bb{}\u00bb][et_pb_text _builder_version=\u00bb4.25.1&#8243; _module_preset=\u00bbdefault\u00bb text_text_color=\u00bb#FFFFFF\u00bb text_font_size=\u00bb16px\u00bb text_line_height=\u00bb24px\u00bb header_2_font=\u00bb|700|||||||\u00bb header_2_text_align=\u00bbleft\u00bb header_2_text_color=\u00bb#FFFFFF\u00bb header_2_font_size=\u00bb30px\u00bb header_2_line_height=\u00bb45px\u00bb hover_enabled=\u00bb0&#8243; header_2_text_align_tablet=\u00bbcenter\u00bb header_2_text_align_phone=\u00bbcenter\u00bb header_2_text_align_last_edited=\u00bbon|tablet\u00bb header_2_font_size_tablet=\u00bb24px\u00bb header_2_font_size_phone=\u00bb24px\u00bb header_2_font_size_last_edited=\u00bbon|desktop\u00bb header_2_line_height_tablet=\u00bb34px\u00bb header_2_line_height_phone=\u00bb34px\u00bb header_2_line_height_last_edited=\u00bbon|phone\u00bb global_colors_info=\u00bb{}\u00bb sticky_enabled=\u00bb0&#8243;]<\/p>\n<h2>Dupage Legal Aid confia en su apoyo para ayudar a jente de bajo recusors que buscar justicia.<\/h2>\n<p>Sus donationes con tiempo y dinero su apoyar de los residentes del condado de dupage para esos de casos de familia que se adjudicaran dentro de el. Contamos con usted para ayudar a los demas contribuyendo a Dupage Legal Aid para el bien com\u00fan. Y el apoyo y empoderamiento de nuestra comunidad. <\/p>\n<p>[\/et_pb_text][\/et_pb_column][et_pb_column type=\u00bb1_4&#8243; _builder_version=\u00bb4.25.1&#8243; _module_preset=\u00bbdefault\u00bb custom_padding=\u00bb15px||||false|false\u00bb custom_padding_tablet=\u00bb|25px||25px|false|false\u00bb custom_padding_phone=\u00bb|25px||25px|false|false\u00bb custom_padding_last_edited=\u00bbon|phone\u00bb custom_css_free_form=\u00bbselector .et_pb_button {||  display: block !important;||  text-align: center !important;||}\u00bb global_colors_info=\u00bb{}\u00bb][et_pb_button button_url=\u00bbhttps:\/\/www.paypal.com\/donate\/?hosted_button_id=B6ZUMPFWMM4XJ\u00bb url_new_window=\u00bbon\u00bb button_text=\u00bbHaz una donaci\u00f3n monetaria\u00bb _builder_version=\u00bb4.25.1&#8243; _module_preset=\u00bbdefault\u00bb custom_button=\u00bbon\u00bb button_text_size=\u00bb20px\u00bb button_text_color=\u00bb#59bec9&#8243; button_bg_color=\u00bb#ffffff\u00bb button_border_width=\u00bb0px\u00bb button_border_color=\u00bbRGBA(255,255,255,0)\u00bb button_border_radius=\u00bb8px\u00bb button_font=\u00bb&#8211;et_global_heading_font|700|||||||\u00bb button_use_icon=\u00bboff\u00bb custom_margin=\u00bb0px|0px|0px|0px|false|false\u00bb custom_padding=\u00bb8px|20px|8px|20px|false|false\u00bb custom_css_free_form=\u00bbselector .et_pb_button {||  display: block !important;||  text-align: center !important;||}\u00bb global_colors_info=\u00bb{}\u00bb button_bg_color__hover_enabled=\u00bbon|hover\u00bb button_bg_color__hover=\u00bbrgba(255,255,255,0.85)\u00bb button_bg_enable_color__hover=\u00bbon\u00bb][\/et_pb_button][et_pb_button button_url=\u00bb@ET-DC@eyJkeW5hbWljIjp0cnVlLCJjb250ZW50IjoicG9zdF9saW5rX3VybF9wYWdlIiwic2V0dGluZ3MiOnsicG9zdF9pZCI6IjgyOCIsImVuYWJsZV9odG1sIjoib2ZmIn19@\u00bb button_text=\u00bbVoluntario\u00bb _builder_version=\u00bb4.25.1&#8243; _dynamic_attributes=\u00bbbutton_url\u00bb _module_preset=\u00bbdefault\u00bb custom_button=\u00bbon\u00bb button_text_size=\u00bb20px\u00bb button_text_color=\u00bb#59bec9&#8243; button_bg_color=\u00bb#FFFFFF\u00bb button_border_width=\u00bb0px\u00bb button_border_color=\u00bbRGBA(255,255,255,0)\u00bb button_border_radius=\u00bb8px\u00bb button_font=\u00bb&#8211;et_global_heading_font|700|||||||\u00bb button_use_icon=\u00bboff\u00bb custom_margin=\u00bb15px|0px|0px|0px|false|false\u00bb custom_padding=\u00bb8px|20px|8px|20px|false|false\u00bb custom_css_free_form=\u00bbselector .et_pb_button {||  display: block !important;||  text-align: center !important;||}\u00bb global_colors_info=\u00bb{}\u00bb button_bg_color__hover_enabled=\u00bbon|hover\u00bb button_bg_color__hover=\u00bbrgba(255,255,255,0.85)\u00bb button_bg_enable_color__hover=\u00bbon\u00bb][\/et_pb_button][\/et_pb_column][\/et_pb_row][\/et_pb_section]<\/p>\n","protected":false},"excerpt":{"rendered":"<p>Dedicado a proporcionar a los residentes elegibles del condado de DuPage* Representaci\u00f3n legal pro bono competente y compasiva. (*y aquellos con casos de derecho de familia all\u00ed en)Asistencia legal de familia para aquellos que no pueden obtener un abogado. Desde su fundaci\u00f3n, DuPage legal AID (DLA) ha ayudado a miles de miembros de la comunidad [&hellip;]<\/p>\n","protected":false},"author":1,"featured_media":0,"parent":0,"menu_order":0,"comment_status":"closed","ping_status":"closed","template":"","meta":{"_et_pb_use_builder":"on","_et_pb_old_content":"","_et_gb_content_width":"","inline_featured_image":false,"footnotes":""},"class_list":["post-2023","page","type-page","status-publish","hentry"],"aioseo_notices":[],"_links":{"self":[{"href":"https:\/\/www.dupagelegalaid.org\/es\/wp-json\/wp\/v2\/pages\/2023","targetHints":{"allow":["GET"]}}],"collection":[{"href":"https:\/\/www.dupagelegalaid.org\/es\/wp-json\/wp\/v2\/pages"}],"about":[{"href":"https:\/\/www.dupagelegalaid.org\/es\/wp-json\/wp\/v2\/types\/page"}],"author":[{"embeddable":true,"href":"https:\/\/www.dupagelegalaid.org\/es\/wp-json\/wp\/v2\/users\/1"}],"replies":[{"embeddable":true,"href":"https:\/\/www.dupagelegalaid.org\/es\/wp-json\/wp\/v2\/comments?post=2023"}],"version-history":[{"count":11,"href":"https:\/\/www.dupagelegalaid.org\/es\/wp-json\/wp\/v2\/pages\/2023\/revisions"}],"predecessor-version":[{"id":2235,"href":"https:\/\/www.dupagelegalaid.org\/es\/wp-json\/wp\/v2\/pages\/2023\/revisions\/2235"}],"wp:attachment":[{"href":"https:\/\/www.dupagelegalaid.org\/es\/wp-json\/wp\/v2\/media?parent=2023"}],"curies":[{"name":"wp","href":"https:\/\/api.w.org\/{rel}","templated":true}]}}